{"id":21,"date":"2016-11-21T18:36:20","date_gmt":"2016-11-21T17:36:20","guid":{"rendered":"http:\/\/francine-emschwiller.fr\/?page_id=21"},"modified":"2026-02-08T07:53:02","modified_gmt":"2026-02-08T06:53:02","slug":"therapies-familiales-et-couples","status":"publish","type":"page","link":"https:\/\/francine-emschwiller.fr\/index.php\/therapies-familiales-et-couples\/","title":{"rendered":"Th\u00e9rapies familiales et de couples"},"content":{"rendered":"<p><strong>TH\u00c9RAPIE FAMILIALE<\/strong><\/p>\n<p>La famille est un syst\u00e8me, une organisation. Anna Maria Sorrentino d\u00e9finit la famille comme \u00ab\u00a0une unit\u00e9 de coop\u00e9ration, ayant pour but d&rsquo;assurer \u00e0 ses membres d\u00e9veloppement et protection\u00a0\u00bb.<br \/>\nEtre parent n&rsquo;est pas inn\u00e9 ni biologique. La parentalit\u00e9 est un apprentissage complexe.<\/p>\n<p>Une famille accueillie en th\u00e9rapie c&rsquo;est deux g\u00e9n\u00e9rations, parfois trois. Dans une famille se conjuguent deux, quatre, huit histoires familiales diff\u00e9rentes.<br \/>\nOn ne se met pas en col\u00e8re de la m\u00eame fa\u00e7on, on n&rsquo;exprime pas son affection, son amour, de fa\u00e7on identique dans toutes les familles. Certains s&rsquo;exprimen bruyamment, dans le registre du plaisir des activit\u00e9s partag\u00e9es &#8230; ou du conflit. Dans certaines familles le lien s&rsquo;exprime par geste, dans d&rsquo;autres par des mots. Dans certaines familles, la parole est rare, voire dangereuse. Le silence est souvent le signe d&rsquo;une souffrance. La souffrance se transforme. Priv\u00e9e de parole, elle se r\u00e9p\u00e8te, de g\u00e9n\u00e9ration en g\u00e9n\u00e9ration.<\/p>\n<p>Quelques s\u00e9ances de th\u00e9rapie familiale permettent \u00e0 chacun de mieux comprendre ce qui se joue en famille, de trouver une place propre, l\u00e9gitime, choisie. Cela le rend plus fort dans sa vie, dans la famille et \u00e0 l&rsquo;ext\u00e9rieur de la famille.<\/p>\n<p>Le lien est un m\u00e9canisme complexe. Pour s&rsquo;entendre il est utile de s&rsquo;\u00e9couter. Ce n&rsquo;est pas si facile. Les mots n&rsquo;ont pas le m\u00eame sens pour chacun. Les \u00e9motions d\u00e9bordent, parfois, souvent ..<br \/>\nUne parent peut dire non \u00e0 son enfant et l&rsquo;aimer.<\/p>\n<p>Un professionnel bienveillant permet \u00e0 chacun de comprendre ce qui lui fait mal, ce qui fait mal \u00e0 l&rsquo;autre.<br \/>\nA partir des souvenirs de chacun, il devient possible d&rsquo;identifier les forces et les fragilit\u00e9s des histoires de chaque parent, de comprendre sur quels fondements le couple parental a pu se former. \u00a0Sur ces fondements, les enfants se construisent, avec leurs ressources propres.<\/p>\n<p><strong>Form\u00e9e au CECCOF<\/strong> et au sein de la STFPIF (soci\u00e9t\u00e9 de th\u00e9rapie familiale psychanalytique), je travaille avec les r\u00e9f\u00e9rences de la psychanalyse, Decherf, Eiguer, Ka\u00ebs, Jean-G. Lemaire, Ruffiot, Pichon Rivi\u00e8re et leurs \u00e9l\u00e8ves.<\/p>\n<p>Les s\u00e9ances de th\u00e9rapie familiale ont une dur\u00e9e de une heure \u00e0 une heure trente, une fois toutes les deux ou trois semaines, en fonction des contraintes de chacun.<\/p>\n<p><strong>TH\u00c9RAPIE DE COUPLE<\/strong><\/p>\n<p>Un couple se construit sur un coup de foudre, sur des centres d&rsquo;int\u00e9r\u00eat communs, sur des affinit\u00e9s partag\u00e9es ou compl\u00e9mentaires. Robert Neuberger (2004) le d\u00e9finit par : \u00ab\u00a0deux \u00eatres qui se choisissent en fonction de qualit\u00e9s physiques morales ou intellectuelles.\u00a0\u00bb<\/p>\n<p>A l&rsquo;enthousiasme de la d\u00e9couverte peuvent succ\u00e9der des temps plus difficiles, r\u00e9p\u00e9titifs, contraignants.<\/p>\n<p>Emm\u00e9nager ensemble ou pas ? rester ensemble ou se s\u00e9parer ? construire, \u00e9largir une famille ? Dans un monde social et \u00e9conomique difficile, parfois violent, le couple, la famille sont des refuges. Comment les apaiser et les nourrir ?<\/p>\n<p>L&rsquo;\u00e9change en pr\u00e9sence d&rsquo;un tiers, th\u00e9rapeute familial form\u00e9 \u00e0 cet effet, ouvre un espace de parole et de r\u00e9flexion. Comprendre ce qui s&rsquo;est pass\u00e9, comprendre comment chaque membre du couple en est arriv\u00e9 l\u00e0, permet d&rsquo;ouvrir le futur et d&rsquo;envisager l&rsquo;avenir, un avenir plus nourri pour chacun.<\/p>\n","protected":false},"excerpt":{"rendered":"<p>TH\u00c9RAPIE FAMILIALE La famille est un syst\u00e8me, une organisation. Anna Maria Sorrentino d\u00e9finit la famille comme \u00ab\u00a0une unit\u00e9 de coop\u00e9ration, ayant pour but d&rsquo;assurer \u00e0 ses membres d\u00e9veloppement et protection\u00a0\u00bb. Etre parent n&rsquo;est pas inn\u00e9 ni biologique. La parentalit\u00e9 est un apprentissage complexe. Une famille accueillie en th\u00e9rapie c&rsquo;est deux g\u00e9n\u00e9rations, parfois trois. Dans une <a class=\"more-link\" href=\"https:\/\/francine-emschwiller.fr\/index.php\/therapies-familiales-et-couples\/\">la suite&#8230; <i class=\"fa fa-chevron-right\"><\/i><\/a><\/p>\n","protected":false},"author":1,"featured_media":0,"parent":0,"menu_order":0,"comment_status":"closed","ping_status":"closed","template":"","meta":{"iawp_total_views":1,"footnotes":""},"class_list":["post-21","page","type-page","status-publish","hentry"],"_links":{"self":[{"href":"https:\/\/francine-emschwiller.fr\/index.php\/wp-json\/wp\/v2\/pages\/21","targetHints":{"allow":["GET"]}}],"collection":[{"href":"https:\/\/francine-emschwiller.fr\/index.php\/wp-json\/wp\/v2\/pages"}],"about":[{"href":"https:\/\/francine-emschwiller.fr\/index.php\/wp-json\/wp\/v2\/types\/page"}],"author":[{"embeddable":true,"href":"https:\/\/francine-emschwiller.fr\/index.php\/wp-json\/wp\/v2\/users\/1"}],"replies":[{"embeddable":true,"href":"https:\/\/francine-emschwiller.fr\/index.php\/wp-json\/wp\/v2\/comments?post=21"}],"version-history":[{"count":60,"href":"https:\/\/francine-emschwiller.fr\/index.php\/wp-json\/wp\/v2\/pages\/21\/revisions"}],"predecessor-version":[{"id":524,"href":"https:\/\/francine-emschwiller.fr\/index.php\/wp-json\/wp\/v2\/pages\/21\/revisions\/524"}],"wp:attachment":[{"href":"https:\/\/francine-emschwiller.fr\/index.php\/wp-json\/wp\/v2\/media?parent=21"}],"curies":[{"name":"wp","href":"https:\/\/api.w.org\/{rel}","templated":true}]}}